{"id":125,"date":"2022-12-02T12:21:36","date_gmt":"2022-12-02T12:21:36","guid":{"rendered":"https:\/\/investinn.hu\/index.php\/about\/"},"modified":"2025-01-22T09:29:18","modified_gmt":"2025-01-22T09:29:18","slug":"rolunk","status":"publish","type":"page","link":"https:\/\/investinn.hu\/en\/about-us\/","title":{"rendered":"About us"},"content":{"rendered":"<div data-elementor-type=\"wp-page\" data-elementor-id=\"125\" class=\"elementor elementor-125\" data-elementor-post-type=\"page\">\n\t\t\t\t\t\t<section class=\"elementor-section elementor-top-section elementor-element elementor-element-3cc0ac46 elementor-section-height-min-height elementor-section-items-stretch elementor-section-boxed elementor-section-height-default\" data-id=\"3cc0ac46\" data-element_type=\"section\" data-settings=\"{&quot;background_background&quot;:&quot;classic&quot;}\">\n\t\t\t\t\t\t<div class=\"elementor-container elementor-column-gap-default\">\n\t\t\t\t\t<div class=\"elementor-column elementor-col-50 elementor-top-column elementor-element elementor-element-20e6151a\" data-id=\"20e6151a\" data-element_type=\"column\">\n\t\t\t<div class=\"elementor-widget-wrap elementor-element-populated\">\n\t\t\t\t\t\t<div class=\"elementor-element elementor-element-7733fe3 elementor-widget elementor-widget-heading\" data-id=\"7733fe3\" data-element_type=\"widget\" data-widget_type=\"heading.default\">\n\t\t\t\t<div class=\"elementor-widget-container\">\n\t\t\t\t\t<h3 class=\"elementor-heading-title elementor-size-default\">Our history<\/h3>\t\t\t\t<\/div>\n\t\t\t\t<\/div>\n\t\t\t\t<div class=\"elementor-element elementor-element-50dd824f elementor-widget elementor-widget-heading\" data-id=\"50dd824f\" data-element_type=\"widget\" data-widget_type=\"heading.default\">\n\t\t\t\t<div class=\"elementor-widget-container\">\n\t\t\t\t\t<h1 class=\"elementor-heading-title elementor-size-default\">About us<\/h1>\t\t\t\t<\/div>\n\t\t\t\t<\/div>\n\t\t\t\t\t<\/div>\n\t\t<\/div>\n\t\t\t\t<div class=\"elementor-column elementor-col-50 elementor-top-column elementor-element elementor-element-32bfdc3f\" data-id=\"32bfdc3f\" data-element_type=\"column\">\n\t\t\t<div class=\"elementor-widget-wrap elementor-element-populated\">\n\t\t\t\t\t\t<div class=\"elementor-element elementor-element-7395b7b elementor-widget elementor-widget-text-editor\" data-id=\"7395b7b\" data-element_type=\"widget\" data-widget_type=\"text-editor.default\">\n\t\t\t\t<div class=\"elementor-widget-container\">\n\t\t\t\t\t\t\t\t\tOur team of experts always focuses on the needs of our clients, providing personalized solutions for buying, selling, and renting properties. Our services include real estate brokerage, property appraisal, property management, and short-term rental management.\t\t\t\t\t\t\t\t<\/div>\n\t\t\t\t<\/div>\n\t\t\t\t\t<\/div>\n\t\t<\/div>\n\t\t\t\t\t<\/div>\n\t\t<\/section>\n\t\t\t\t<section class=\"elementor-section elementor-top-section elementor-element elementor-element-3d52f534 elementor-section-boxed elementor-section-height-default elementor-section-height-default\" data-id=\"3d52f534\" data-element_type=\"section\">\n\t\t\t\t\t\t<div class=\"elementor-container elementor-column-gap-default\">\n\t\t\t\t\t<div class=\"elementor-column elementor-col-100 elementor-top-column elementor-element elementor-element-603069ed\" data-id=\"603069ed\" data-element_type=\"column\">\n\t\t\t<div class=\"elementor-widget-wrap elementor-element-populated\">\n\t\t\t\t\t\t<div class=\"elementor-element elementor-element-63d65e6d elementor-widget__width-auto elementor-absolute elementor-view-default elementor-widget elementor-widget-icon\" data-id=\"63d65e6d\" data-element_type=\"widget\" data-settings=\"{&quot;_position&quot;:&quot;absolute&quot;}\" data-widget_type=\"icon.default\">\n\t\t\t\t<div class=\"elementor-widget-container\">\n\t\t\t\t\t\t\t<div class=\"elementor-icon-wrapper\">\n\t\t\t<div class=\"elementor-icon\">\n\t\t\t<svg xmlns=\"http:\/\/www.w3.org\/2000\/svg\" id=\"a72f1db4-4b9f-4cbc-ac4c-a54efeaf8336\" data-name=\"Layer 1\" width=\"100\" height=\"100\" viewbox=\"0 0 100 100\"><title>Shape<\/title><path id=\"aecdc5f9-a79f-465f-8b06-186d589ccd57\" data-name=\"Shape\" d=\"M0,100V0H50V50h50v50Z\" style=\"fill-rule:evenodd\"><\/path><\/svg>\t\t\t<\/div>\n\t\t<\/div>\n\t\t\t\t\t\t<\/div>\n\t\t\t\t<\/div>\n\t\t\t\t<section class=\"elementor-section elementor-inner-section elementor-element elementor-element-46ad3666 elementor-reverse-tablet elementor-reverse-mobile elementor-section-boxed elementor-section-height-default elementor-section-height-default\" data-id=\"46ad3666\" data-element_type=\"section\">\n\t\t\t\t\t\t<div class=\"elementor-container elementor-column-gap-default\">\n\t\t\t\t\t<div class=\"elementor-column elementor-col-50 elementor-inner-column elementor-element elementor-element-7265ac3b\" data-id=\"7265ac3b\" data-element_type=\"column\">\n\t\t\t<div class=\"elementor-widget-wrap elementor-element-populated\">\n\t\t\t\t\t\t<div class=\"elementor-element elementor-element-2a6ee831 elementor-cta--skin-classic elementor-animated-content elementor-widget elementor-widget-call-to-action\" data-id=\"2a6ee831\" data-element_type=\"widget\" data-widget_type=\"call-to-action.default\">\n\t\t\t\t<div class=\"elementor-widget-container\">\n\t\t\t\t\t\t\t<div class=\"elementor-cta\">\n\t\t\t\t\t<div class=\"elementor-cta__bg-wrapper\">\n\t\t\t\t<div class=\"elementor-cta__bg elementor-bg\" style=\"background-image: url(https:\/\/investinn.hu\/wp-content\/uploads\/2023\/03\/invest_inn_airbnb.webp);\" role=\"img\" aria-label=\"invest_inn_airbnb\"><\/div>\n\t\t\t\t<div class=\"elementor-cta__bg-overlay\"><\/div>\n\t\t\t<\/div>\n\t\t\t\t\t\t\t<div class=\"elementor-cta__content\">\n\t\t\t\t\n\t\t\t\t\t\t\t\t\t<h2 class=\"elementor-cta__title elementor-cta__content-item elementor-content-item\">\n\t\t\t\t\t\t\"Real estate investing does not adjust to the changing seasons, but to human needs.\" \t\t\t\t\t<\/h2>\n\t\t\t\t\n\t\t\t\t\t\t\t\t\t<div class=\"elementor-cta__description elementor-cta__content-item elementor-content-item\">\n\t\t\t\t\t\t Sir John Templeton, the famous investor and philanthropist.\t\t\t\t\t<\/div>\n\t\t\t\t\n\t\t\t\t\t\t\t<\/div>\n\t\t\t\t\t\t<\/div>\n\t\t\t\t\t\t<\/div>\n\t\t\t\t<\/div>\n\t\t\t\t\t<\/div>\n\t\t<\/div>\n\t\t\t\t<div class=\"elementor-column elementor-col-50 elementor-inner-column elementor-element elementor-element-760ff5a0\" data-id=\"760ff5a0\" data-element_type=\"column\">\n\t\t\t<div class=\"elementor-widget-wrap elementor-element-populated\">\n\t\t\t\t\t\t<div class=\"elementor-element elementor-element-25f39924 elementor-widget elementor-widget-heading\" data-id=\"25f39924\" data-element_type=\"widget\" data-widget_type=\"heading.default\">\n\t\t\t\t<div class=\"elementor-widget-container\">\n\t\t\t\t\t<h3 class=\"elementor-heading-title elementor-size-default\">My name is Adam Majoros, the founder of Invest Inn Budapest<\/h3>\t\t\t\t<\/div>\n\t\t\t\t<\/div>\n\t\t\t\t<div class=\"elementor-element elementor-element-56e6665b elementor-widget elementor-widget-text-editor\" data-id=\"56e6665b\" data-element_type=\"widget\" data-widget_type=\"text-editor.default\">\n\t\t\t\t<div class=\"elementor-widget-container\">\n\t\t\t\t\t\t\t\t\t<p class=\"p1\">I started working in the real estate industry five years ago. Initially, like most other agents, I posted ads and worked with clients referred by one of the leading real estate companies.<\/p>\n<p class=\"p1\">I quickly realized that persuading unsure clients to purchase expensive properties was not the right path for me. I am more conscientious than that, and as a young entrepreneur, I wanted to bring a unique perspective to real estate sales. My 11 years of experience in the tourism industry proved to be a great asset in achieving this goal. I managed Airbnb properties, and since 2019, I have been the owner of Koffer Luggage Storage, a luggage storage service designed for tourists.<\/p>\n<p class=\"p1\">Through my connections as an apartment operator, I realized that I have everything it takes to execute the best possible deals for investors. We find the right apartment and, if necessary, our renovation team performs minor or major improvements on it. Then you can confidently entrust us with the complete short-term management of the property, thanks to our relationships as apartment operators.<\/p>\t\t\t\t\t\t\t\t<\/div>\n\t\t\t\t<\/div>\n\t\t\t\t<div class=\"elementor-element elementor-element-6996862c elementor-widget elementor-widget-spacer\" data-id=\"6996862c\" data-element_type=\"widget\" data-widget_type=\"spacer.default\">\n\t\t\t\t<div class=\"elementor-widget-container\">\n\t\t\t\t\t\t\t<div class=\"elementor-spacer\">\n\t\t\t<div class=\"elementor-spacer-inner\"><\/div>\n\t\t<\/div>\n\t\t\t\t\t\t<\/div>\n\t\t\t\t<\/div>\n\t\t\t\t<div class=\"elementor-element elementor-element-6f8f8c23 elementor-widget elementor-widget-spacer\" data-id=\"6f8f8c23\" data-element_type=\"widget\" data-widget_type=\"spacer.default\">\n\t\t\t\t<div class=\"elementor-widget-container\">\n\t\t\t\t\t\t\t<div class=\"elementor-spacer\">\n\t\t\t<div class=\"elementor-spacer-inner\"><\/div>\n\t\t<\/div>\n\t\t\t\t\t\t<\/div>\n\t\t\t\t<\/div>\n\t\t\t\t\t<\/div>\n\t\t<\/div>\n\t\t\t\t\t<\/div>\n\t\t<\/section>\n\t\t\t\t\t<\/div>\n\t\t<\/div>\n\t\t\t\t\t<\/div>\n\t\t<\/section>\n\t\t\t\t<section class=\"elementor-section elementor-top-section elementor-element elementor-element-6fbbdeb4 elementor-section-boxed elementor-section-height-default elementor-section-height-default\" data-id=\"6fbbdeb4\" data-element_type=\"section\">\n\t\t\t\t\t\t<div class=\"elementor-container elementor-column-gap-default\">\n\t\t\t\t\t<div class=\"elementor-column elementor-col-100 elementor-top-column elementor-element elementor-element-5a4deaaf\" data-id=\"5a4deaaf\" data-element_type=\"column\">\n\t\t\t<div class=\"elementor-widget-wrap elementor-element-populated\">\n\t\t\t\t\t\t<div class=\"elementor-element elementor-element-75322455 elementor-widget__width-auto elementor-absolute elementor-view-default elementor-widget elementor-widget-icon\" data-id=\"75322455\" data-element_type=\"widget\" data-settings=\"{&quot;_position&quot;:&quot;absolute&quot;}\" data-widget_type=\"icon.default\">\n\t\t\t\t<div class=\"elementor-widget-container\">\n\t\t\t\t\t\t\t<div class=\"elementor-icon-wrapper\">\n\t\t\t<div class=\"elementor-icon\">\n\t\t\t<svg xmlns=\"http:\/\/www.w3.org\/2000\/svg\" id=\"a72f1db4-4b9f-4cbc-ac4c-a54efeaf8336\" data-name=\"Layer 1\" width=\"100\" height=\"100\" viewbox=\"0 0 100 100\"><title>Shape<\/title><path id=\"aecdc5f9-a79f-465f-8b06-186d589ccd57\" data-name=\"Shape\" d=\"M0,100V0H50V50h50v50Z\" style=\"fill-rule:evenodd\"><\/path><\/svg>\t\t\t<\/div>\n\t\t<\/div>\n\t\t\t\t\t\t<\/div>\n\t\t\t\t<\/div>\n\t\t\t\t\t<\/div>\n\t\t<\/div>\n\t\t\t\t\t<\/div>\n\t\t<\/section>\n\t\t\t\t<\/div>","protected":false},"excerpt":{"rendered":"<p>T\u00f6rt\u00e9net\u00fcnk R\u00f3lunk Szak\u00e9rt\u0151 csapatunk tagjai mindig az \u00fcgyf\u00e9l ig\u00e9nyeire f\u00f3kusz\u00e1lnak, \u00e9s szem\u00e9lyre szabott megold\u00e1sokat k\u00edn\u00e1lnak az ingatlanok v\u00e1s\u00e1rl\u00e1s\u00e1hoz, elad\u00e1s\u00e1hoz \u00e9s b\u00e9rbead\u00e1s\u00e1hoz. Szolg\u00e1ltat\u00e1saink magukba foglalj\u00e1k az ingatlank\u00f6zvet\u00edt\u00e9st, az \u00e9rt\u00e9kbecsl\u00e9st \u00e9s az ingatlankezel\u00e9st, valamint a r\u00f6vid t\u00e1v\u00fa \u00fczemeltet\u00e9st is. Shape &#8222;Az ingatlanbefektet\u00e9s nem az \u00e9vszakok v\u00e1ltoz\u00e1s\u00e1hoz igazodik, hanem az emberi sz\u00fcks\u00e9gletekhez.&#8221; Sir John Templeton, a h\u00edres befektet\u0151 [&hellip;]<\/p>","protected":false},"author":1,"featured_media":0,"parent":0,"menu_order":0,"comment_status":"closed","ping_status":"closed","template":"elementor_header_footer","meta":{"footnotes":""},"class_list":["post-125","page","type-page","status-publish","hentry"],"yoast_head":"<!-- This site is optimized with the Yoast SEO Premium plugin v24.3 (Yoast SEO v24.3) - https:\/\/yoast.com\/wordpress\/plugins\/seo\/ -->\n<title>R\u00f3lunk - Invest Inn<\/title>\n<meta name=\"description\" content=\"Csapatunk az \u00fcgyf\u00e9l ig\u00e9nyeire f\u00f3kusz\u00e1l, \u00e9s szem\u00e9lyre szabott megold\u00e1sokat k\u00edn\u00e1l az ingatlanok v\u00e1s\u00e1rl\u00e1s\u00e1hoz, elad\u00e1s\u00e1hoz \u00e9s b\u00e9rbead\u00e1s\u00e1hoz.\" \/>\n<meta name=\"robots\" content=\"index, follow, max-snippet:-1, max-image-preview:large, max-video-preview:-1\" \/>\n<link rel=\"canonical\" href=\"https:\/\/investinn.hu\/en\/about-us\/\" \/>\n<meta property=\"og:locale\" content=\"en_GB\" \/>\n<meta property=\"og:type\" content=\"article\" \/>\n<meta property=\"og:title\" content=\"R\u00f3lunk - Invest Inn\" \/>\n<meta property=\"og:description\" content=\"Csapatunk az \u00fcgyf\u00e9l ig\u00e9nyeire f\u00f3kusz\u00e1l, \u00e9s szem\u00e9lyre szabott megold\u00e1sokat k\u00edn\u00e1l az ingatlanok v\u00e1s\u00e1rl\u00e1s\u00e1hoz, elad\u00e1s\u00e1hoz \u00e9s b\u00e9rbead\u00e1s\u00e1hoz.\" \/>\n<meta property=\"og:url\" content=\"https:\/\/investinn.hu\/en\/about-us\/\" \/>\n<meta property=\"og:site_name\" content=\"Invest Inn\" \/>\n<meta property=\"article:modified_time\" content=\"2025-01-22T09:29:18+00:00\" \/>\n<meta name=\"twitter:card\" content=\"summary_large_image\" \/>\n<meta name=\"twitter:title\" content=\"R\u00f3lunk - Invest Inn\" \/>\n<meta name=\"twitter:description\" content=\"Csapatunk az \u00fcgyf\u00e9l ig\u00e9nyeire f\u00f3kusz\u00e1l, \u00e9s szem\u00e9lyre szabott megold\u00e1sokat k\u00edn\u00e1l az ingatlanok v\u00e1s\u00e1rl\u00e1s\u00e1hoz, elad\u00e1s\u00e1hoz \u00e9s b\u00e9rbead\u00e1s\u00e1hoz.\" \/>\n<meta name=\"twitter:label1\" content=\"Estimated reading time\" \/>\n\t<meta name=\"twitter:data1\" content=\"2 minutes\" \/>\n<script type=\"application\/ld+json\" class=\"yoast-schema-graph\">{\"@context\":\"https:\/\/schema.org\",\"@graph\":[{\"@type\":\"WebPage\",\"@id\":\"https:\/\/investinn.hu\/rolunk\/\",\"url\":\"https:\/\/investinn.hu\/rolunk\/\",\"name\":\"R\u00f3lunk - Invest Inn\",\"isPartOf\":{\"@id\":\"https:\/\/investinn.hu\/#website\"},\"datePublished\":\"2022-12-02T12:21:36+00:00\",\"dateModified\":\"2025-01-22T09:29:18+00:00\",\"description\":\"Csapatunk az \u00fcgyf\u00e9l ig\u00e9nyeire f\u00f3kusz\u00e1l, \u00e9s szem\u00e9lyre szabott megold\u00e1sokat k\u00edn\u00e1l az ingatlanok v\u00e1s\u00e1rl\u00e1s\u00e1hoz, elad\u00e1s\u00e1hoz \u00e9s b\u00e9rbead\u00e1s\u00e1hoz.\",\"breadcrumb\":{\"@id\":\"https:\/\/investinn.hu\/rolunk\/#breadcrumb\"},\"inLanguage\":\"en-GB\",\"potentialAction\":[{\"@type\":\"ReadAction\",\"target\":[\"https:\/\/investinn.hu\/rolunk\/\"]}]},{\"@type\":\"BreadcrumbList\",\"@id\":\"https:\/\/investinn.hu\/rolunk\/#breadcrumb\",\"itemListElement\":[{\"@type\":\"ListItem\",\"position\":1,\"name\":\"Kezd\u0151lap\",\"item\":\"https:\/\/investinn.hu\/\"},{\"@type\":\"ListItem\",\"position\":2,\"name\":\"R\u00f3lunk\"}]},{\"@type\":\"WebSite\",\"@id\":\"https:\/\/investinn.hu\/#website\",\"url\":\"https:\/\/investinn.hu\/\",\"name\":\"Invest Inn\",\"description\":\"\",\"publisher\":{\"@id\":\"https:\/\/investinn.hu\/#organization\"},\"potentialAction\":[{\"@type\":\"SearchAction\",\"target\":{\"@type\":\"EntryPoint\",\"urlTemplate\":\"https:\/\/investinn.hu\/?s={search_term_string}\"},\"query-input\":{\"@type\":\"PropertyValueSpecification\",\"valueRequired\":true,\"valueName\":\"search_term_string\"}}],\"inLanguage\":\"en-GB\"},{\"@type\":\"Organization\",\"@id\":\"https:\/\/investinn.hu\/#organization\",\"name\":\"Invest Inn\",\"url\":\"https:\/\/investinn.hu\/\",\"logo\":{\"@type\":\"ImageObject\",\"inLanguage\":\"en-GB\",\"@id\":\"https:\/\/investinn.hu\/#\/schema\/logo\/image\/\",\"url\":\"https:\/\/investinn.hu\/wp-content\/uploads\/2022\/12\/base_horizontal.png\",\"contentUrl\":\"https:\/\/investinn.hu\/wp-content\/uploads\/2022\/12\/base_horizontal.png\",\"width\":532,\"height\":127,\"caption\":\"Invest Inn\"},\"image\":{\"@id\":\"https:\/\/investinn.hu\/#\/schema\/logo\/image\/\"}}]}<\/script>\n<!-- \/ Yoast SEO Premium plugin. -->","yoast_head_json":{"title":"R\u00f3lunk - Invest Inn","description":"Csapatunk az \u00fcgyf\u00e9l ig\u00e9nyeire f\u00f3kusz\u00e1l, \u00e9s szem\u00e9lyre szabott megold\u00e1sokat k\u00edn\u00e1l az ingatlanok v\u00e1s\u00e1rl\u00e1s\u00e1hoz, elad\u00e1s\u00e1hoz \u00e9s b\u00e9rbead\u00e1s\u00e1hoz.","robots":{"index":"index","follow":"follow","max-snippet":"max-snippet:-1","max-image-preview":"max-image-preview:large","max-video-preview":"max-video-preview:-1"},"canonical":"https:\/\/investinn.hu\/en\/about-us\/","og_locale":"en_GB","og_type":"article","og_title":"R\u00f3lunk - Invest Inn","og_description":"Csapatunk az \u00fcgyf\u00e9l ig\u00e9nyeire f\u00f3kusz\u00e1l, \u00e9s szem\u00e9lyre szabott megold\u00e1sokat k\u00edn\u00e1l az ingatlanok v\u00e1s\u00e1rl\u00e1s\u00e1hoz, elad\u00e1s\u00e1hoz \u00e9s b\u00e9rbead\u00e1s\u00e1hoz.","og_url":"https:\/\/investinn.hu\/en\/about-us\/","og_site_name":"Invest Inn","article_modified_time":"2025-01-22T09:29:18+00:00","twitter_card":"summary_large_image","twitter_title":"R\u00f3lunk - Invest Inn","twitter_description":"Csapatunk az \u00fcgyf\u00e9l ig\u00e9nyeire f\u00f3kusz\u00e1l, \u00e9s szem\u00e9lyre szabott megold\u00e1sokat k\u00edn\u00e1l az ingatlanok v\u00e1s\u00e1rl\u00e1s\u00e1hoz, elad\u00e1s\u00e1hoz \u00e9s b\u00e9rbead\u00e1s\u00e1hoz.","twitter_misc":{"Estimated reading time":"2 minutes"},"schema":{"@context":"https:\/\/schema.org","@graph":[{"@type":"WebPage","@id":"https:\/\/investinn.hu\/rolunk\/","url":"https:\/\/investinn.hu\/rolunk\/","name":"R\u00f3lunk - Invest Inn","isPartOf":{"@id":"https:\/\/investinn.hu\/#website"},"datePublished":"2022-12-02T12:21:36+00:00","dateModified":"2025-01-22T09:29:18+00:00","description":"Csapatunk az \u00fcgyf\u00e9l ig\u00e9nyeire f\u00f3kusz\u00e1l, \u00e9s szem\u00e9lyre szabott megold\u00e1sokat k\u00edn\u00e1l az ingatlanok v\u00e1s\u00e1rl\u00e1s\u00e1hoz, elad\u00e1s\u00e1hoz \u00e9s b\u00e9rbead\u00e1s\u00e1hoz.","breadcrumb":{"@id":"https:\/\/investinn.hu\/rolunk\/#breadcrumb"},"inLanguage":"en-GB","potentialAction":[{"@type":"ReadAction","target":["https:\/\/investinn.hu\/rolunk\/"]}]},{"@type":"BreadcrumbList","@id":"https:\/\/investinn.hu\/rolunk\/#breadcrumb","itemListElement":[{"@type":"ListItem","position":1,"name":"Kezd\u0151lap","item":"https:\/\/investinn.hu\/"},{"@type":"ListItem","position":2,"name":"R\u00f3lunk"}]},{"@type":"WebSite","@id":"https:\/\/investinn.hu\/#website","url":"https:\/\/investinn.hu\/","name":"Invest Inn","description":"","publisher":{"@id":"https:\/\/investinn.hu\/#organization"},"potentialAction":[{"@type":"SearchAction","target":{"@type":"EntryPoint","urlTemplate":"https:\/\/investinn.hu\/?s={search_term_string}"},"query-input":{"@type":"PropertyValueSpecification","valueRequired":true,"valueName":"search_term_string"}}],"inLanguage":"en-GB"},{"@type":"Organization","@id":"https:\/\/investinn.hu\/#organization","name":"Invest Inn","url":"https:\/\/investinn.hu\/","logo":{"@type":"ImageObject","inLanguage":"en-GB","@id":"https:\/\/investinn.hu\/#\/schema\/logo\/image\/","url":"https:\/\/investinn.hu\/wp-content\/uploads\/2022\/12\/base_horizontal.png","contentUrl":"https:\/\/investinn.hu\/wp-content\/uploads\/2022\/12\/base_horizontal.png","width":532,"height":127,"caption":"Invest Inn"},"image":{"@id":"https:\/\/investinn.hu\/#\/schema\/logo\/image\/"}}]}},"_links":{"self":[{"href":"https:\/\/investinn.hu\/en\/wp-json\/wp\/v2\/pages\/125","targetHints":{"allow":["GET"]}}],"collection":[{"href":"https:\/\/investinn.hu\/en\/wp-json\/wp\/v2\/pages"}],"about":[{"href":"https:\/\/investinn.hu\/en\/wp-json\/wp\/v2\/types\/page"}],"author":[{"embeddable":true,"href":"https:\/\/investinn.hu\/en\/wp-json\/wp\/v2\/users\/1"}],"replies":[{"embeddable":true,"href":"https:\/\/investinn.hu\/en\/wp-json\/wp\/v2\/comments?post=125"}],"version-history":[{"count":29,"href":"https:\/\/investinn.hu\/en\/wp-json\/wp\/v2\/pages\/125\/revisions"}],"predecessor-version":[{"id":985,"href":"https:\/\/investinn.hu\/en\/wp-json\/wp\/v2\/pages\/125\/revisions\/985"}],"wp:attachment":[{"href":"https:\/\/investinn.hu\/en\/wp-json\/wp\/v2\/media?parent=125"}],"curies":[{"name":"wp","href":"https:\/\/api.w.org\/{rel}","templated":true}]}}